{"id":2310,"date":"2024-09-10T15:58:09","date_gmt":"2024-09-10T18:58:09","guid":{"rendered":"https:\/\/viniciusportfolio.com.br\/?page_id=2310"},"modified":"2024-09-18T11:53:41","modified_gmt":"2024-09-18T14:53:41","slug":"sobre","status":"publish","type":"page","link":"https:\/\/viniciusportfolio.com.br\/?page_id=2310","title":{"rendered":"Sobre"},"content":{"rendered":"\t\t<div data-elementor-type=\"wp-page\" data-elementor-id=\"2310\" class=\"elementor elementor-2310\" data-elementor-post-type=\"page\">\n\t\t\t\t<div class=\"elementor-element elementor-element-32e1043 e-flex e-con-boxed e-con e-parent\" data-id=\"32e1043\" data-element_type=\"container\" data-settings=\"{&quot;container_type&quot;:&quot;flex&quot;,&quot;content_width&quot;:&quot;boxed&quot;}\" data-core-v316-plus=\"true\">\n\t\t\t\t\t<div class=\"e-con-inner\">\n\t\t<div class=\"elementor-element elementor-element-51d92a9 e-con-full e-flex e-con e-child\" data-id=\"51d92a9\" data-element_type=\"container\" data-settings=\"{&quot;content_width&quot;:&quot;full&quot;,&quot;container_type&quot;:&quot;flex&quot;}\">\n\t\t\t\t<div class=\"elementor-element elementor-element-0c04adc elementor-widget elementor-widget-image\" data-id=\"0c04adc\" data-element_type=\"widget\" data-widget_type=\"image.default\">\n\t\t\t\t<div class=\"elementor-widget-container\">\n\t\t\t<style>\/*! elementor - v3.19.0 - 07-02-2024 *\/\n.elementor-widget-image{text-align:center}.elementor-widget-image a{display:inline-block}.elementor-widget-image a img[src$=\".svg\"]{width:48px}.elementor-widget-image img{vertical-align:middle;display:inline-block}<\/style>\t\t\t\t\t\t\t\t\t\t<img fetchpriority=\"high\" decoding=\"async\" width=\"960\" height=\"1110\" src=\"https:\/\/viniciusportfolio.com.br\/wp-content\/uploads\/2024\/09\/sobre-2.jpg\" class=\"elementor-animation-shrink attachment-full size-full wp-image-2947\" alt=\"\" srcset=\"https:\/\/viniciusportfolio.com.br\/wp-content\/uploads\/2024\/09\/sobre-2.jpg 960w, https:\/\/viniciusportfolio.com.br\/wp-content\/uploads\/2024\/09\/sobre-2-259x300.jpg 259w, https:\/\/viniciusportfolio.com.br\/wp-content\/uploads\/2024\/09\/sobre-2-886x1024.jpg 886w, https:\/\/viniciusportfolio.com.br\/wp-content\/uploads\/2024\/09\/sobre-2-768x888.jpg 768w\" sizes=\"(max-width: 34.9rem) calc(100vw - 2rem), (max-width: 53rem) calc(8 * (100vw \/ 12)), (min-width: 53rem) calc(6 * (100vw \/ 12)), 100vw\" \/>\t\t\t\t\t\t\t\t\t\t\t\t\t<\/div>\n\t\t\t\t<\/div>\n\t\t\t\t<\/div>\n\t\t<div class=\"elementor-element elementor-element-e410350 e-con-full e-flex e-con e-child\" data-id=\"e410350\" data-element_type=\"container\" data-settings=\"{&quot;content_width&quot;:&quot;full&quot;,&quot;container_type&quot;:&quot;flex&quot;}\">\n\t\t\t\t<div class=\"elementor-element elementor-element-be20761 elementor-widget elementor-widget-text-editor\" data-id=\"be20761\" data-element_type=\"widget\" data-widget_type=\"text-editor.default\">\n\t\t\t\t<div class=\"elementor-widget-container\">\n\t\t\t<style>\/*! elementor - v3.19.0 - 07-02-2024 *\/\n.elementor-widget-text-editor.elementor-drop-cap-view-stacked .elementor-drop-cap{background-color:#69727d;color:#fff}.elementor-widget-text-editor.elementor-drop-cap-view-framed .elementor-drop-cap{color:#69727d;border:3px solid;background-color:transparent}.elementor-widget-text-editor:not(.elementor-drop-cap-view-default) .elementor-drop-cap{margin-top:8px}.elementor-widget-text-editor:not(.elementor-drop-cap-view-default) .elementor-drop-cap-letter{width:1em;height:1em}.elementor-widget-text-editor .elementor-drop-cap{float:left;text-align:center;line-height:1;font-size:50px}.elementor-widget-text-editor .elementor-drop-cap-letter{display:inline-block}<\/style>\t\t\t\t<p>Sobre<\/p>\t\t\t\t\t\t<\/div>\n\t\t\t\t<\/div>\n\t\t\t\t<div class=\"elementor-element elementor-element-141f858 elementor-widget elementor-widget-text-editor\" data-id=\"141f858\" data-element_type=\"widget\" data-widget_type=\"text-editor.default\">\n\t\t\t\t<div class=\"elementor-widget-container\">\n\t\t\t\t\t\t\t<p>Ol\u00e1, sou Vinicius Pereira de Andrade, um designer com mais de seis anos de experi\u00eancia, apaixonado por criar solu\u00e7\u00f5es visuais impactantes e centradas no usu\u00e1rio. Desde o in\u00edcio da minha jornada profissional, venho desenvolvendo habilidades que unem criatividade e estrat\u00e9gia, sempre com o objetivo de oferecer uma experi\u00eancia completa e memor\u00e1vel para cada projeto.<\/p><p>Ao longo da minha carreira, trabalhei com uma variedade de clientes e ind\u00fastrias, o que me permitiu adquirir uma vis\u00e3o abrangente e vers\u00e1til do design. Seja desenvolvendo identidades visuais, campanhas publicit\u00e1rias ou produtos digitais, busco sempre integrar est\u00e9tica, funcionalidade e inova\u00e7\u00e3o em cada detalhe. Acredito que o design vai al\u00e9m da beleza: ele deve resolver problemas e melhorar a vida das pessoas.<\/p><p>Meu foco est\u00e1 em criar interfaces e experi\u00eancias digitais que sejam ao mesmo tempo intuitivas e eficazes, sempre pensando nas necessidades do usu\u00e1rio e nos objetivos do neg\u00f3cio. Com experi\u00eancia em design gr\u00e1fico, desenvolvimento de sites e marketing digital, cada projeto \u00e9 uma oportunidade de explorar novas ideias e superar desafios criativos.<\/p><p>Ao longo desses anos, pude colaborar em projetos que v\u00e3o desde e-commerce at\u00e9 branding, sempre com o objetivo de gerar resultados expressivos e duradouros. Em todos os trabalhos, busco manter uma abordagem colaborativa e aberta, acreditando que o bom design surge de uma comunica\u00e7\u00e3o clara e de uma compreens\u00e3o profunda das necessidades do cliente.<\/p><p>Se voc\u00ea busca um profissional comprometido com a qualidade e a inova\u00e7\u00e3o, ficarei feliz em compartilhar mais sobre meus projetos e ideias. Vamos transformar suas vis\u00f5es em realidade!<\/p>\t\t\t\t\t\t<\/div>\n\t\t\t\t<\/div>\n\t\t\t\t<\/div>\n\t\t\t\t\t<\/div>\n\t\t\t\t<\/div>\n\t\t\t\t<\/div>\n\t\t","protected":false},"excerpt":{"rendered":"<p>Sobre Ol\u00e1, sou Vinicius Pereira de Andrade, um designer com mais de seis anos de experi\u00eancia, apaixonado por criar solu\u00e7\u00f5es visuais impactantes e centradas no usu\u00e1rio. Desde o in\u00edcio da minha jornada profissional, venho desenvolvendo habilidades que unem criatividade e estrat\u00e9gia, sempre com o objetivo de oferecer uma experi\u00eancia completa e memor\u00e1vel para cada projeto. &hellip; <\/p>\n<p class=\"link-more\"><a href=\"https:\/\/viniciusportfolio.com.br\/?page_id=2310\" class=\"more-link\">Continue lendo<span class=\"screen-reader-text\"> &#8220;Sobre&#8221;<\/span><\/a><\/p>\n","protected":false},"author":1,"featured_media":0,"parent":0,"menu_order":0,"comment_status":"closed","ping_status":"closed","template":"elementor_header_footer","meta":{"_acf_changed":false,"footnotes":""},"class_list":["post-2310","page","type-page","status-publish","hentry","entry"],"acf":[],"_links":{"self":[{"href":"https:\/\/viniciusportfolio.com.br\/index.php?rest_route=\/wp\/v2\/pages\/2310","targetHints":{"allow":["GET"]}}],"collection":[{"href":"https:\/\/viniciusportfolio.com.br\/index.php?rest_route=\/wp\/v2\/pages"}],"about":[{"href":"https:\/\/viniciusportfolio.com.br\/index.php?rest_route=\/wp\/v2\/types\/page"}],"author":[{"embeddable":true,"href":"https:\/\/viniciusportfolio.com.br\/index.php?rest_route=\/wp\/v2\/users\/1"}],"replies":[{"embeddable":true,"href":"https:\/\/viniciusportfolio.com.br\/index.php?rest_route=%2Fwp%2Fv2%2Fcomments&post=2310"}],"version-history":[{"count":28,"href":"https:\/\/viniciusportfolio.com.br\/index.php?rest_route=\/wp\/v2\/pages\/2310\/revisions"}],"predecessor-version":[{"id":2950,"href":"https:\/\/viniciusportfolio.com.br\/index.php?rest_route=\/wp\/v2\/pages\/2310\/revisions\/2950"}],"wp:attachment":[{"href":"https:\/\/viniciusportfolio.com.br\/index.php?rest_route=%2Fwp%2Fv2%2Fmedia&parent=2310"}],"curies":[{"name":"wp","href":"https:\/\/api.w.org\/{rel}","templated":true}]}}